{"id":132,"date":"2022-12-05T15:01:47","date_gmt":"2022-12-05T15:01:47","guid":{"rendered":"https:\/\/herajarvi.com\/?page_id=132"},"modified":"2022-12-19T08:02:03","modified_gmt":"2022-12-19T08:02:03","slug":"yritys","status":"publish","type":"page","link":"https:\/\/herajarvi.com\/sv\/foretaget\/","title":{"rendered":"Yritys &#8211; Kuljetukset Tornio"},"content":{"rendered":"<div data-elementor-type=\"wp-page\" data-elementor-id=\"132\" class=\"elementor elementor-132\">\n\t\t\t\t\t\t\t\t\t<section class=\"elementor-section elementor-top-section elementor-element elementor-element-ce0ec17 elementor-section-boxed elementor-section-height-default elementor-section-height-default\" data-id=\"ce0ec17\" data-element_type=\"section\">\n\t\t\t\t\t\t<div class=\"elementor-container elementor-column-gap-default\">\n\t\t\t\t\t<div class=\"elementor-column elementor-col-100 elementor-top-column elementor-element elementor-element-a84206f\" data-id=\"a84206f\" data-element_type=\"column\">\n\t\t\t<div class=\"elementor-widget-wrap elementor-element-populated\">\n\t\t\t\t\t\t\t\t<div class=\"elementor-element elementor-element-2fdfdcb elementor-widget elementor-widget-template\" data-id=\"2fdfdcb\" data-element_type=\"widget\" data-widget_type=\"template.default\">\n\t\t\t\t<div class=\"elementor-widget-container\">\n\t\t\t\t\t<div class=\"elementor-template\">\n\t\t\t\t\t<div data-elementor-type=\"single-page\" data-elementor-id=\"106\" class=\"elementor elementor-106\">\n\t\t\t\t\t\t\t\t<section class=\"elementor-section elementor-top-section elementor-element elementor-element-6ae4eb35 elementor-section-boxed elementor-section-height-default elementor-section-height-default\" data-id=\"6ae4eb35\" data-element_type=\"section\" data-settings=\"{&quot;background_background&quot;:&quot;classic&quot;}\">\n\t\t\t\t\t\t<div class=\"elementor-container elementor-column-gap-default\">\n\t\t\t\t\t<div class=\"elementor-column elementor-col-100 elementor-top-column elementor-element elementor-element-18f09614\" data-id=\"18f09614\" data-element_type=\"column\" data-settings=\"{&quot;background_background&quot;:&quot;classic&quot;}\">\n\t\t\t<div class=\"elementor-widget-wrap elementor-element-populated\">\n\t\t\t\t\t\t\t\t<div class=\"elementor-element elementor-element-1a6348c elementor-widget elementor-widget-image\" data-id=\"1a6348c\" data-element_type=\"widget\" data-widget_type=\"image.default\">\n\t\t\t\t<div class=\"elementor-widget-container\">\n\t\t\t<style>\/*! elementor - v3.8.1 - 13-11-2022 *\/\n.elementor-widget-image{text-align:center}.elementor-widget-image a{display:inline-block}.elementor-widget-image a img[src$=\".svg\"]{width:48px}.elementor-widget-image img{vertical-align:middle;display:inline-block}<\/style>\t\t\t\t\t\t\t\t\t\t\t\t<img loading=\"lazy\" decoding=\"async\" width=\"1140\" height=\"300\" src=\"https:\/\/herajarvi.com\/wp-content\/uploads\/2022\/12\/hokakusten.jpg\" class=\"attachment-full size-full\" alt=\"\" srcset=\"https:\/\/herajarvi.com\/wp-content\/uploads\/2022\/12\/hokakusten.jpg 1140w, https:\/\/herajarvi.com\/wp-content\/uploads\/2022\/12\/hokakusten-300x79.jpg 300w, https:\/\/herajarvi.com\/wp-content\/uploads\/2022\/12\/hokakusten-1024x269.jpg 1024w, https:\/\/herajarvi.com\/wp-content\/uploads\/2022\/12\/hokakusten-768x202.jpg 768w\" sizes=\"auto, (max-width: 1140px) 100vw, 1140px\" \/>\t\t\t\t\t\t\t\t\t\t\t\t\t\t\t<\/div>\n\t\t\t\t<\/div>\n\t\t\t\t<section class=\"elementor-section elementor-inner-section elementor-element elementor-element-16cc17e4 elementor-section-boxed elementor-section-height-default elementor-section-height-default\" data-id=\"16cc17e4\" data-element_type=\"section\">\n\t\t\t\t\t\t<div class=\"elementor-container elementor-column-gap-default\">\n\t\t\t\t\t<div class=\"elementor-column elementor-col-50 elementor-inner-column elementor-element elementor-element-75229060\" data-id=\"75229060\" data-element_type=\"column\">\n\t\t\t<div class=\"elementor-widget-wrap elementor-element-populated\">\n\t\t\t\t\t\t\t\t<div class=\"elementor-element elementor-element-3d3a79f5 elementor-widget elementor-widget-heading\" data-id=\"3d3a79f5\" data-element_type=\"widget\" data-widget_type=\"heading.default\">\n\t\t\t\t<div class=\"elementor-widget-container\">\n\t\t\t<style>\/*! elementor - v3.8.1 - 13-11-2022 *\/\n.elementor-heading-title{padding:0;margin:0;line-height:1}.elementor-widget-heading .elementor-heading-title[class*=elementor-size-]>a{color:inherit;font-size:inherit;line-height:inherit}.elementor-widget-heading .elementor-heading-title.elementor-size-small{font-size:15px}.elementor-widget-heading .elementor-heading-title.elementor-size-medium{font-size:19px}.elementor-widget-heading .elementor-heading-title.elementor-size-large{font-size:29px}.elementor-widget-heading .elementor-heading-title.elementor-size-xl{font-size:39px}.elementor-widget-heading .elementor-heading-title.elementor-size-xxl{font-size:59px}<\/style><h2 class=\"elementor-heading-title elementor-size-default\">Heraj\u00e4rvi Transport AB bjuder transportservices till f\u00f6retag och privatpersoner<\/h2>\t\t<\/div>\n\t\t\t\t<\/div>\n\t\t\t\t<div class=\"elementor-element elementor-element-5548819c elementor-widget elementor-widget-text-editor\" data-id=\"5548819c\" data-element_type=\"widget\" data-widget_type=\"text-editor.default\">\n\t\t\t\t<div class=\"elementor-widget-container\">\n\t\t\t<style>\/*! elementor - v3.8.1 - 13-11-2022 *\/\n.elementor-widget-text-editor.elementor-drop-cap-view-stacked .elementor-drop-cap{background-color:#818a91;color:#fff}.elementor-widget-text-editor.elementor-drop-cap-view-framed .elementor-drop-cap{color:#818a91;border:3px solid;background-color:transparent}.elementor-widget-text-editor:not(.elementor-drop-cap-view-default) .elementor-drop-cap{margin-top:8px}.elementor-widget-text-editor:not(.elementor-drop-cap-view-default) .elementor-drop-cap-letter{width:1em;height:1em}.elementor-widget-text-editor .elementor-drop-cap{float:left;text-align:center;line-height:1;font-size:50px}.elementor-widget-text-editor .elementor-drop-cap-letter{display:inline-block}<\/style>\t\t\t\t<p><strong>Heraj\u00e4rvi Transport AB transporterar gods till Sverige, Finland, Norge och Danmark. Heraj\u00e4rvi Transport Ab:s kontor, servicehall och terminal ligger i Tornio.<\/strong><\/p><p>Heraj\u00e4rvi Transport AB har tillsammans med moderbolaget Heraj\u00e4rven Kuljetus Oy 24 transportfordon kombination och 35 anst\u00e4llda.<\/p><p>V\u00e5ran fordoner passar perfekt f\u00f6r pall- och bulkgods transporter. Vi ocks\u00e5 har resurser f\u00f6r ADR- och bredlastsgods transporter.<\/p><p>V\u00e5rat f\u00f6retag anv\u00e4nder PKY-kvalitetssystem som har utvecklas i Finland. PKY-Kvalitetsystem \u00e4r kvalitet-, milj\u00f6- och energieffektiva f\u00f6renande system. V\u00e5rat kvalitetssystem inneh\u00e5ller ISO 9001:2015 kvalitetstandard och milj\u00f6kvalitetsstandard ISO 14001:2015. D\u00e4rtill  v\u00e5ran kvalitetsystem OHSAS 18001:2007 omfattar kraven av arbetshygienien- och arbetss\u00e4kerhetstandard.<\/p>\t\t\t\t\t\t<\/div>\n\t\t\t\t<\/div>\n\t\t\t\t\t<\/div>\n\t\t<\/div>\n\t\t\t\t<div class=\"elementor-column elementor-col-50 elementor-inner-column elementor-element elementor-element-7cee1a11\" data-id=\"7cee1a11\" data-element_type=\"column\" data-settings=\"{&quot;background_background&quot;:&quot;classic&quot;}\">\n\t\t\t<div class=\"elementor-widget-wrap elementor-element-populated\">\n\t\t\t\t\t\t\t\t<div class=\"elementor-element elementor-element-0763334 elementor-widget elementor-widget-text-editor\" data-id=\"0763334\" data-element_type=\"widget\" data-widget_type=\"text-editor.default\">\n\t\t\t\t<div class=\"elementor-widget-container\">\n\t\t\t\t\t\t\t<p>\u2022 Transport- och logistik f\u00f6retag som har grundad 1955<br \/>\u2022 Vi opererar \u00f6ver hela Norden: Sverige, Finland, Norge, Danmark<br \/>\u2022 M\u00e5ngsidig och modern transport kapacitet som ger m\u00f6jligheten att lasta effektivt och enkelt alla former av laster.<br \/>\u2022 Finsk- och svenskchauff\u00f6rer med h\u00f6g utf\u00f6rande<br \/>\u2022 Laatuj\u00e4rjestelm\u00e4n sertifikaatit: ISO 9001, ISO 14001<\/p>\t\t\t\t\t\t<\/div>\n\t\t\t\t<\/div>\n\t\t\t\t<div class=\"elementor-element elementor-element-40a0d44 elementor-hidden-desktop elementor-hidden-tablet elementor-widget elementor-widget-spacer\" data-id=\"40a0d44\" data-element_type=\"widget\" data-widget_type=\"spacer.default\">\n\t\t\t\t<div class=\"elementor-widget-container\">\n\t\t\t<style>\/*! elementor - v3.8.1 - 13-11-2022 *\/\n.elementor-column .elementor-spacer-inner{height:var(--spacer-size)}.e-con{--container-widget-width:100%}.e-con-inner>.elementor-widget-spacer,.e-con>.elementor-widget-spacer{width:var(--container-widget-width,var(--spacer-size));-ms-flex-item-align:stretch;align-self:stretch;-ms-flex-negative:0;flex-shrink:0}.e-con-inner>.elementor-widget-spacer>.elementor-widget-container,.e-con-inner>.elementor-widget-spacer>.elementor-widget-container>.elementor-spacer,.e-con>.elementor-widget-spacer>.elementor-widget-container,.e-con>.elementor-widget-spacer>.elementor-widget-container>.elementor-spacer{height:100%}.e-con-inner>.elementor-widget-spacer>.elementor-widget-container>.elementor-spacer>.elementor-spacer-inner,.e-con>.elementor-widget-spacer>.elementor-widget-container>.elementor-spacer>.elementor-spacer-inner{height:var(--container-widget-height,var(--spacer-size))}<\/style>\t\t<div class=\"elementor-spacer\">\n\t\t\t<div class=\"elementor-spacer-inner\"><\/div>\n\t\t<\/div>\n\t\t\t\t<\/div>\n\t\t\t\t<\/div>\n\t\t\t\t\t<\/div>\n\t\t<\/div>\n\t\t\t\t\t\t\t<\/div>\n\t\t<\/section>\n\t\t\t\t<div class=\"elementor-element elementor-element-fd4fb2c elementor-widget elementor-widget-spacer\" data-id=\"fd4fb2c\" data-element_type=\"widget\" data-widget_type=\"spacer.default\">\n\t\t\t\t<div class=\"elementor-widget-container\">\n\t\t\t\t\t<div class=\"elementor-spacer\">\n\t\t\t<div class=\"elementor-spacer-inner\"><\/div>\n\t\t<\/div>\n\t\t\t\t<\/div>\n\t\t\t\t<\/div>\n\t\t\t\t\t<\/div>\n\t\t<\/div>\n\t\t\t\t\t\t\t<\/div>\n\t\t<\/section>\n\t\t\t\t\t\t<\/div>\n\t\t\t\t<\/div>\n\t\t\t\t<\/div>\n\t\t\t\t<\/div>\n\t\t\t\t\t<\/div>\n\t\t<\/div>\n\t\t\t\t\t\t\t<\/div>\n\t\t<\/section>\n\t\t\t\t\t\t\t<\/div>","protected":false},"excerpt":{"rendered":"","protected":false},"author":1,"featured_media":0,"parent":0,"menu_order":0,"comment_status":"closed","ping_status":"closed","template":"","meta":{"_improvement_type_select":"improve_an_existing","_thumb_yes_seoaic":false,"_frame_yes_seoaic":false,"seoaic_generate_description":"","seoaic_improve_instructions_prompt":"","seoaic_rollback_content_improvement":"","seoaic_idea_thumbnail_generator":"","thumbnail_generated":false,"thumbnail_generate_prompt":"","seoaic_article_description":"","footnotes":""},"class_list":["post-132","page","type-page","status-publish","hentry"],"yoast_head":"<!-- This site is optimized with the Yoast SEO plugin v19.12 - https:\/\/yoast.com\/wordpress\/plugins\/seo\/ -->\n<title>Yritys - Kuljetukset Tornio - Heraj\u00e4rven Kuljetus<\/title>\n<meta name=\"description\" content=\"Heraj\u00e4rven kuljetus tarjoaa raskaan kaluston kuljetuspalveluita yrityksille ja yksityisille henkil\u00f6ille. Kuljetukset Tornio Haaparanta Kemi Oulu\" \/>\n<meta name=\"robots\" content=\"index, follow, max-snippet:-1, max-image-preview:large, max-video-preview:-1\" \/>\n<link rel=\"canonical\" href=\"https:\/\/herajarvi.com\/sv\/foretaget\/\" \/>\n<meta property=\"og:locale\" content=\"sv_SE\" \/>\n<meta property=\"og:type\" content=\"article\" \/>\n<meta property=\"og:title\" content=\"Yritys - Kuljetukset Tornio - Heraj\u00e4rven Kuljetus\" \/>\n<meta property=\"og:description\" content=\"Heraj\u00e4rven kuljetus tarjoaa raskaan kaluston kuljetuspalveluita yrityksille ja yksityisille henkil\u00f6ille. Kuljetukset Tornio Haaparanta Kemi Oulu\" \/>\n<meta property=\"og:url\" content=\"https:\/\/herajarvi.com\/sv\/foretaget\/\" \/>\n<meta property=\"og:site_name\" content=\"Heraj\u00e4rven Kuljetus\" \/>\n<meta property=\"article:publisher\" content=\"https:\/\/fi-fi.facebook.com\/herajarvenkuljetus\/\" \/>\n<meta property=\"article:modified_time\" content=\"2022-12-19T08:02:03+00:00\" \/>\n<meta name=\"twitter:card\" content=\"summary_large_image\" \/>\n<script type=\"application\/ld+json\" class=\"yoast-schema-graph\">{\"@context\":\"https:\/\/schema.org\",\"@graph\":[{\"@type\":\"WebPage\",\"@id\":\"https:\/\/herajarvi.com\/yritys\/\",\"url\":\"https:\/\/herajarvi.com\/yritys\/\",\"name\":\"Yritys - Kuljetukset Tornio - Heraj\u00e4rven Kuljetus\",\"isPartOf\":{\"@id\":\"https:\/\/herajarvi.com\/#website\"},\"datePublished\":\"2022-12-05T15:01:47+00:00\",\"dateModified\":\"2022-12-19T08:02:03+00:00\",\"description\":\"Heraj\u00e4rven kuljetus tarjoaa raskaan kaluston kuljetuspalveluita yrityksille ja yksityisille henkil\u00f6ille. Kuljetukset Tornio Haaparanta Kemi Oulu\",\"breadcrumb\":{\"@id\":\"https:\/\/herajarvi.com\/yritys\/#breadcrumb\"},\"inLanguage\":\"sv-SE\",\"potentialAction\":[{\"@type\":\"ReadAction\",\"target\":[\"https:\/\/herajarvi.com\/yritys\/\"]}]},{\"@type\":\"BreadcrumbList\",\"@id\":\"https:\/\/herajarvi.com\/yritys\/#breadcrumb\",\"itemListElement\":[{\"@type\":\"ListItem\",\"position\":1,\"name\":\"Home\",\"item\":\"https:\/\/herajarvi.com\/\"},{\"@type\":\"ListItem\",\"position\":2,\"name\":\"Yritys &#8211; Kuljetukset Tornio\"}]},{\"@type\":\"WebSite\",\"@id\":\"https:\/\/herajarvi.com\/#website\",\"url\":\"https:\/\/herajarvi.com\/\",\"name\":\"Heraj\u00e4rven Kuljetus\",\"description\":\"raskaan kaluston kuljetuspalveluita yrityksille ja yksityisille henkil\u00f6ille\",\"publisher\":{\"@id\":\"https:\/\/herajarvi.com\/#organization\"},\"alternateName\":\"Heraj\u00e4rvi Transport AB\",\"potentialAction\":[{\"@type\":\"SearchAction\",\"target\":{\"@type\":\"EntryPoint\",\"urlTemplate\":\"https:\/\/herajarvi.com\/?s={search_term_string}\"},\"query-input\":\"required name=search_term_string\"}],\"inLanguage\":\"sv-SE\"},{\"@type\":\"Organization\",\"@id\":\"https:\/\/herajarvi.com\/#organization\",\"name\":\"Heraj\u00e4rven Kuljetus\",\"alternateName\":\"Heraj\u00e4rvi Transport AB\",\"url\":\"https:\/\/herajarvi.com\/\",\"logo\":{\"@type\":\"ImageObject\",\"inLanguage\":\"sv-SE\",\"@id\":\"https:\/\/herajarvi.com\/#\/schema\/logo\/image\/\",\"url\":\"https:\/\/herajarvi.com\/wp-content\/uploads\/2022\/12\/logo-herajarvi.png\",\"contentUrl\":\"https:\/\/herajarvi.com\/wp-content\/uploads\/2022\/12\/logo-herajarvi.png\",\"width\":229,\"height\":32,\"caption\":\"Heraj\u00e4rven Kuljetus\"},\"image\":{\"@id\":\"https:\/\/herajarvi.com\/#\/schema\/logo\/image\/\"},\"sameAs\":[\"https:\/\/www.instagram.com\/herajarvenkuljetus\/?hl=fi\",\"https:\/\/fi-fi.facebook.com\/herajarvenkuljetus\/\"]}]}<\/script>\n<!-- \/ Yoast SEO plugin. -->","yoast_head_json":{"title":"Yritys - Kuljetukset Tornio - Heraj\u00e4rven Kuljetus","description":"Heraj\u00e4rven kuljetus tarjoaa raskaan kaluston kuljetuspalveluita yrityksille ja yksityisille henkil\u00f6ille. Kuljetukset Tornio Haaparanta Kemi Oulu","robots":{"index":"index","follow":"follow","max-snippet":"max-snippet:-1","max-image-preview":"max-image-preview:large","max-video-preview":"max-video-preview:-1"},"canonical":"https:\/\/herajarvi.com\/sv\/foretaget\/","og_locale":"sv_SE","og_type":"article","og_title":"Yritys - Kuljetukset Tornio - Heraj\u00e4rven Kuljetus","og_description":"Heraj\u00e4rven kuljetus tarjoaa raskaan kaluston kuljetuspalveluita yrityksille ja yksityisille henkil\u00f6ille. Kuljetukset Tornio Haaparanta Kemi Oulu","og_url":"https:\/\/herajarvi.com\/sv\/foretaget\/","og_site_name":"Heraj\u00e4rven Kuljetus","article_publisher":"https:\/\/fi-fi.facebook.com\/herajarvenkuljetus\/","article_modified_time":"2022-12-19T08:02:03+00:00","twitter_card":"summary_large_image","schema":{"@context":"https:\/\/schema.org","@graph":[{"@type":"WebPage","@id":"https:\/\/herajarvi.com\/yritys\/","url":"https:\/\/herajarvi.com\/yritys\/","name":"Yritys - Kuljetukset Tornio - Heraj\u00e4rven Kuljetus","isPartOf":{"@id":"https:\/\/herajarvi.com\/#website"},"datePublished":"2022-12-05T15:01:47+00:00","dateModified":"2022-12-19T08:02:03+00:00","description":"Heraj\u00e4rven kuljetus tarjoaa raskaan kaluston kuljetuspalveluita yrityksille ja yksityisille henkil\u00f6ille. Kuljetukset Tornio Haaparanta Kemi Oulu","breadcrumb":{"@id":"https:\/\/herajarvi.com\/yritys\/#breadcrumb"},"inLanguage":"sv-SE","potentialAction":[{"@type":"ReadAction","target":["https:\/\/herajarvi.com\/yritys\/"]}]},{"@type":"BreadcrumbList","@id":"https:\/\/herajarvi.com\/yritys\/#breadcrumb","itemListElement":[{"@type":"ListItem","position":1,"name":"Home","item":"https:\/\/herajarvi.com\/"},{"@type":"ListItem","position":2,"name":"Yritys &#8211; Kuljetukset Tornio"}]},{"@type":"WebSite","@id":"https:\/\/herajarvi.com\/#website","url":"https:\/\/herajarvi.com\/","name":"Heraj\u00e4rven Kuljetus","description":"raskaan kaluston kuljetuspalveluita yrityksille ja yksityisille henkil\u00f6ille","publisher":{"@id":"https:\/\/herajarvi.com\/#organization"},"alternateName":"Heraj\u00e4rvi Transport AB","potentialAction":[{"@type":"SearchAction","target":{"@type":"EntryPoint","urlTemplate":"https:\/\/herajarvi.com\/?s={search_term_string}"},"query-input":"required name=search_term_string"}],"inLanguage":"sv-SE"},{"@type":"Organization","@id":"https:\/\/herajarvi.com\/#organization","name":"Heraj\u00e4rven Kuljetus","alternateName":"Heraj\u00e4rvi Transport AB","url":"https:\/\/herajarvi.com\/","logo":{"@type":"ImageObject","inLanguage":"sv-SE","@id":"https:\/\/herajarvi.com\/#\/schema\/logo\/image\/","url":"https:\/\/herajarvi.com\/wp-content\/uploads\/2022\/12\/logo-herajarvi.png","contentUrl":"https:\/\/herajarvi.com\/wp-content\/uploads\/2022\/12\/logo-herajarvi.png","width":229,"height":32,"caption":"Heraj\u00e4rven Kuljetus"},"image":{"@id":"https:\/\/herajarvi.com\/#\/schema\/logo\/image\/"},"sameAs":["https:\/\/www.instagram.com\/herajarvenkuljetus\/?hl=fi","https:\/\/fi-fi.facebook.com\/herajarvenkuljetus\/"]}]}},"_links":{"self":[{"href":"https:\/\/herajarvi.com\/sv\/wp-json\/wp\/v2\/pages\/132","targetHints":{"allow":["GET"]}}],"collection":[{"href":"https:\/\/herajarvi.com\/sv\/wp-json\/wp\/v2\/pages"}],"about":[{"href":"https:\/\/herajarvi.com\/sv\/wp-json\/wp\/v2\/types\/page"}],"author":[{"embeddable":true,"href":"https:\/\/herajarvi.com\/sv\/wp-json\/wp\/v2\/users\/1"}],"replies":[{"embeddable":true,"href":"https:\/\/herajarvi.com\/sv\/wp-json\/wp\/v2\/comments?post=132"}],"version-history":[{"count":5,"href":"https:\/\/herajarvi.com\/sv\/wp-json\/wp\/v2\/pages\/132\/revisions"}],"predecessor-version":[{"id":257,"href":"https:\/\/herajarvi.com\/sv\/wp-json\/wp\/v2\/pages\/132\/revisions\/257"}],"wp:attachment":[{"href":"https:\/\/herajarvi.com\/sv\/wp-json\/wp\/v2\/media?parent=132"}],"curies":[{"name":"wp","href":"https:\/\/api.w.org\/{rel}","templated":true}]}}